{"id":27,"date":"2015-07-27T16:12:02","date_gmt":"2015-07-27T15:12:02","guid":{"rendered":"http:\/\/localhost:8888\/wordpresstest\/?page_id=27"},"modified":"2018-12-18T11:21:03","modified_gmt":"2018-12-18T10:21:03","slug":"accueil","status":"publish","type":"page","link":"http:\/\/s3am.ircam.fr\/","title":{"rendered":"Accueil"},"content":{"rendered":"<p><img loading=\"lazy\" decoding=\"async\" class=\"alignnone wp-image-508 size-large\" src=\"http:\/\/s3am.ircam.fr\/wp-content\/uploads\/2018\/12\/logos_tutelles-1024x177.png\" alt=\"\" width=\"648\" height=\"112\" srcset=\"http:\/\/s3am.ircam.fr\/wp-content\/uploads\/2018\/12\/logos_tutelles-1024x177.png 1024w, http:\/\/s3am.ircam.fr\/wp-content\/uploads\/2018\/12\/logos_tutelles-300x52.png 300w, http:\/\/s3am.ircam.fr\/wp-content\/uploads\/2018\/12\/logos_tutelles-768x133.png 768w, http:\/\/s3am.ircam.fr\/wp-content\/uploads\/2018\/12\/logos_tutelles.png 2024w\" sizes=\"auto, (max-width: 648px) 100vw, 648px\" \/><\/p>\n<div class=\"chapo\">L&rsquo;\u00e9quipe S3AM \u00e9labore des outils th\u00e9oriques, technologiques et exp\u00e9rimentaux portant sur les syst\u00e8mes multiphysiques et les signaux sonores qu\u2019ils produisent. Elle s\u2019int\u00e9resse \u00e0 explorer, comprendre, reproduire avec r\u00e9alisme ou inventer des objets sonores en audio, en acoustique, avec une focalisation sur les instruments de musique jusqu\u2019\u00e0 la production de la voix.<\/div>\n<div class=\"chapo\"><\/div>\n<div class=\"chapo\">Plus pr\u00e9cis\u00e9ment, les objectifs sont de mod\u00e9liser, simuler, identifier et optimiser ces syst\u00e8mes (voix, musicien\/instrument, haut-parleurs, effets \u00e9lectroniques audio, etc.), avec pour particularit\u00e9 de s\u2019appuyer sur la physique pour faire \u00e9merger des structures intrins\u00e8ques et en b\u00e9n\u00e9ficier. L\u2019\u00e9quipe \u00e9labore des m\u00e9thodes d\u2019analyse, transformation, contr\u00f4le et simulation de sons et des outils d\u2019aide \u00e0 la conception, dans des paradigmes virtuels, r\u00e9els ou hybrides.<\/div>\n<div class=\"chapo\"><\/div>\n<div class=\"chapo\">Dans cette d\u00e9marche, l\u2019approche globale \u00ab syst\u00e8mes et signaux \u00bb apporte une synergie d\u00e8s la conception des outils, en connectant (et non simplement en juxtaposant) plusieurs disciplines et champs scientifiques : physique, th\u00e9orie des syst\u00e8mes et du contr\u00f4le, g\u00e9om\u00e9trie diff\u00e9rentielle, analyse num\u00e9rique, traitement du signal, informatique, \u00e9lectronique, m\u00e9catronique et robotique.<\/div>\n<div class=\"chapo\"><\/div>\n<div class=\"chapo\">Les applications vis\u00e9es concernent les domaines scientifiques, artistiques, p\u00e9dagogiques et de la sant\u00e9.<\/div>\n<p id=\"section-0\"><strong>Principales th\u00e9matiques<\/strong><\/p>\n<ul>\n<li>Mod\u00e9lisation physique des instruments de musique et de la voix<\/li>\n<li>Synth\u00e8se sonore par mod\u00e9lisation physique<\/li>\n<li>Plateformes exp\u00e9rimentales robotis\u00e9es : bouche artificielle robotis\u00e9e pour le jeu des cuivres, appareil vocal robotis\u00e9 \u00e0 l\u2019\u00e9chelle 1:1<\/li>\n<li>Identification de syst\u00e8mes non lin\u00e9aires<\/li>\n<li>Contr\u00f4le de syst\u00e8mes non lin\u00e9aires<\/li>\n<li>Acoustique instrumentale<\/li>\n<\/ul>\n<p><strong>Domaines de comp\u00e9tence<\/strong><\/p>\n<p>Acoustique, m\u00e9canique, syst\u00e8mes non lin\u00e9aires, contr\u00f4le, th\u00e9orie du signal, g\u00e9om\u00e9trie diff\u00e9rentielle, analyse num\u00e9rique, exp\u00e9rimentation, m\u00e9catronique, lutherie r\u00e9elle et virtuelle, synth\u00e8se sonore.<\/p>\n<p><strong>Collaborations<\/strong><\/p>\n<p>Athena-RIC (Greece), Cabrilog SAS (France), Cambridge University (UK), C2RMF-Louvre (Paris), Centre Bernoulli-EPFL (Switzerland), EPCC-Edinburgh Univ. (UK), GIPSA-lab (Grenoble), IJLRA-UPMC (Paris), IMJPRG-UPMC (Paris), Imperial College London (UK), ISAE-Sup\u2019A\u00e9ro (Toulouse), LAGEP-universit\u00e9 Lyon-1, LaSiE-universit\u00e9 de la La Rochelle, LEOPOLY (Hungary), LMA-CNRS (Marseille), LMD-ENS (Paris), Mines ParisTech (Paris), NTNU (Trondheim, Norway), Thal\u00e8s Group (France)<\/p>\n\n<table id=\"tablepress-1\" class=\"tablepress tablepress-id-1\">\n<tbody class=\"row-hover\">\n<tr class=\"row-1 odd\">\n\t<td class=\"column-1\"><strong>Projets en cours<\/strong><\/td><td class=\"column-2\"><\/td><td class=\"column-3\"><\/td><td class=\"column-4\"><\/td><td class=\"column-5\"><\/td>\n<\/tr>\n<tr class=\"row-2 even\">\n\t<td class=\"column-1\"><strong>Projets termin\u00e9s<\/strong><\/td><td class=\"column-2\"><\/td><td class=\"column-3\"><\/td><td class=\"column-4\"><\/td><td class=\"column-5\"><\/td>\n<\/tr>\n<tr class=\"row-3 odd\">\n\t<td class=\"column-1\"><\/td><td class=\"column-2\"><a href=\"https:\/\/team.inria.fr\/non-a\/anr-finite4sos\/\" rel=\"noopener\" target=\"_blank\">Finite4SoS<\/a><\/td><td class=\"column-3\">Projet ANR<\/td><td class=\"column-4\"><\/td><td class=\"column-5\">2015-2020<\/td>\n<\/tr>\n<tr class=\"row-4 even\">\n\t<td class=\"column-1\"><\/td><td class=\"column-2\"><a href=\"http:\/\/www.imuscica.eu\/\" rel=\"noopener\" target=\"_blank\">iMuSciCA<\/a><\/td><td class=\"column-3\">Horizon 2020<\/td><td class=\"column-4\"><\/td><td class=\"column-5\">2017-2019<\/td>\n<\/tr>\n<tr class=\"row-5 odd\">\n\t<td class=\"column-1\"><\/td><td class=\"column-2\"><a href=\"https:\/\/websites.isae-supaero.fr\/infidhem\/\" rel=\"noopener\" target=\"_blank\">INFIDHEM<\/a><\/td><td class=\"column-3\">Projet ANR-DFG<\/td><td class=\"column-4\"><\/td><td class=\"column-5\">2016-2019<\/td>\n<\/tr>\n<tr class=\"row-6 even\">\n\t<td class=\"column-1\"><\/td><td class=\"column-2\"><a href=\"https:\/\/hamecmopsys.ens2m.fr\/\" target=\"_blank\" rel=\"noopener\">HamecMopSys<\/a><\/td><td class=\"column-3\">Projet ANR<\/td><td class=\"column-4\"><\/td><td class=\"column-5\">2011-2016<\/td>\n<\/tr>\n<tr class=\"row-7 odd\">\n\t<td class=\"column-1\"><\/td><td class=\"column-2\"><a href=\"http:\/\/cagima.ircam.fr\/\" target=\"_blank\" rel=\"noopener\">Cagima<\/a><\/td><td class=\"column-3\">Projet ANR<\/td><td class=\"column-4\"><\/td><td class=\"column-5\">2011-2015<\/td>\n<\/tr>\n<tr class=\"row-8 even\">\n\t<td class=\"column-1\"><strong>Membres permanents<\/strong><\/td><td class=\"column-2\"><\/td><td class=\"column-3\"><\/td><td class=\"column-4\"><\/td><td class=\"column-5\"><\/td>\n<\/tr>\n<tr class=\"row-9 odd\">\n\t<td class=\"column-1\"><img loading=\"lazy\" decoding=\"async\" src=\"http:\/\/s3am.ircam.fr\/wp-content\/uploads\/2017\/10\/Photo_Henri.jpeg\" alt=\"\" width=\"120\" height=\"179\" class=\"alignnone size-full wp-image-468\" \/><\/td><td class=\"column-2\">Henri Boutin<\/td><td class=\"column-3\">Ma\u00eetre de Conf\u00e9rences<\/td><td class=\"column-4\">Sorbonne Universit\u00e9<\/td><td class=\"column-5\"><\/td>\n<\/tr>\n<tr class=\"row-10 even\">\n\t<td class=\"column-1\"><img loading=\"lazy\" decoding=\"async\" src=\"http:\/\/s3am.ircam.fr\/wp-content\/uploads\/2018\/01\/rene-e1515669815327.jpeg\" alt=\"\" width=\"125\" height=\"152\" class=\"alignnone size-full wp-image-478\" \/><\/td><td class=\"column-2\">Ren\u00e9 Causs\u00e9<\/td><td class=\"column-3\">Charg\u00e9 de Recherche (Em\u00e9rite)<\/td><td class=\"column-4\">IRCAM<\/td><td class=\"column-5\"><\/td>\n<\/tr>\n<tr class=\"row-11 odd\">\n\t<td class=\"column-1\"><img loading=\"lazy\" decoding=\"async\" src=\"http:\/\/s3am.ircam.fr\/wp-content\/uploads\/2018\/11\/photo_brigitte-125x150.jpg\" alt=\"\" width=\"125\" height=\"150\" class=\"alignnone size-thumbnail wp-image-501\" \/><\/td><td class=\"column-2\">Brigitte d'Andr\u00e9a-Novel<\/td><td class=\"column-3\">Professeur des universit\u00e9s<\/td><td class=\"column-4\">Sorbonne Universit\u00e9<\/td><td class=\"column-5\"><\/td>\n<\/tr>\n<tr class=\"row-12 even\">\n\t<td class=\"column-1\"><img loading=\"lazy\" decoding=\"async\" src=\"http:\/\/s3am.ircam.fr\/wp-content\/uploads\/2016\/01\/photo_thomas.png\" alt=\"\" width=\"125\" height=\"148\" class=\"alignnone size-full wp-image-244\" \/><\/td><td class=\"column-2\"><a href=\"http:\/\/recherche.ircam.fr\/equipes\/analyse-synthese\/helie\/index.html\" target=\"_blank\" rel=\"noopener\">Thomas H\u00e9lie<\/a><\/td><td class=\"column-3\">Directeur de Recherche (Responsable d'\u00e9quipe)<\/td><td class=\"column-4\">CNRS<\/td><td class=\"column-5\"><\/td>\n<\/tr>\n<tr class=\"row-13 odd\">\n\t<td class=\"column-1\"><img loading=\"lazy\" decoding=\"async\" src=\"http:\/\/s3am.ircam.fr\/wp-content\/uploads\/2017\/03\/robert.png\" alt=\"\" width=\"115\" height=\"158\" class=\"alignnone size-full wp-image-419\" \/><\/td><td class=\"column-2\">Robert Pi\u00e9chaud<\/td><td class=\"column-3\">Charg\u00e9 de D\u00e9veloppement<\/td><td class=\"column-4\">IRCAM<\/td><td class=\"column-5\"><\/td>\n<\/tr>\n<tr class=\"row-14 even\">\n\t<td class=\"column-1\"><img loading=\"lazy\" decoding=\"async\" src=\"http:\/\/s3am.ircam.fr\/wp-content\/uploads\/2019\/11\/photo_david.jpg\" alt=\"\" width=\"135\" height=\"135\" class=\"alignnone size-full wp-image-538\" srcset=\"http:\/\/s3am.ircam.fr\/wp-content\/uploads\/2019\/11\/photo_david.jpg 135w, http:\/\/s3am.ircam.fr\/wp-content\/uploads\/2019\/11\/photo_david-60x60.jpg 60w\" sizes=\"auto, (max-width: 135px) 100vw, 135px\" \/><\/td><td class=\"column-2\">David Roze<\/td><td class=\"column-3\">Charg\u00e9 de Recherche<\/td><td class=\"column-4\">CNRS<\/td><td class=\"column-5\"><\/td>\n<\/tr>\n<tr class=\"row-15 odd\">\n\t<td class=\"column-1\"><strong>Doctorants<\/strong><\/td><td class=\"column-2\"><\/td><td class=\"column-3\"><\/td><td class=\"column-4\"><\/td><td class=\"column-5\"><\/td>\n<\/tr>\n<tr class=\"row-16 even\">\n\t<td class=\"column-1\"><img loading=\"lazy\" decoding=\"async\" src=\"http:\/\/s3am.ircam.fr\/wp-content\/uploads\/2017\/03\/pierre.png\" alt=\"\" width=\"125\" height=\"160\" class=\"alignnone size-full wp-image-415\" \/><\/td><td class=\"column-2\">Pierre Carr\u00e9<\/td><td class=\"column-3\">Doctorant<\/td><td class=\"column-4\">SMAER, SU<\/td><td class=\"column-5\">2018 - en cours<\/td>\n<\/tr>\n<tr class=\"row-17 odd\">\n\t<td class=\"column-1\"><\/td><td class=\"column-2\">Lo\u00efc Forma<\/td><td class=\"column-3\">Doctorant<\/td><td class=\"column-4\">CY Cergy Paris Universit\u00e9<\/td><td class=\"column-5\">2020 - en cours<\/td>\n<\/tr>\n<tr class=\"row-18 even\">\n\t<td class=\"column-1\"><\/td><td class=\"column-2\">Vincent Martos<\/td><td class=\"column-3\">Doctorant<\/td><td class=\"column-4\">SU<\/td><td class=\"column-5\">2021 - en cours<\/td>\n<\/tr>\n<tr class=\"row-19 odd\">\n\t<td class=\"column-1\"><\/td><td class=\"column-2\">Judy Najnudel<\/td><td class=\"column-3\">Doctorante<\/td><td class=\"column-4\">CIFRE, SU<\/td><td class=\"column-5\">2019 - en cours<\/td>\n<\/tr>\n<tr class=\"row-20 even\">\n\t<td class=\"column-1\"><\/td><td class=\"column-2\">Alexis Thibault<\/td><td class=\"column-3\">Doctorant<\/td><td class=\"column-4\">UPPA<\/td><td class=\"column-5\">2020 - en cours<\/td>\n<\/tr>\n<tr class=\"row-21 odd\">\n\t<td class=\"column-1\"><\/td><td class=\"column-2\">Colette Voisembert<\/td><td class=\"column-3\">Doctorante<\/td><td class=\"column-4\">SMAER, SU<\/td><td class=\"column-5\">2020 - en cours<\/td>\n<\/tr>\n<tr class=\"row-22 even\">\n\t<td class=\"column-1\"><\/td><td class=\"column-2\">Victor Wetzel<\/td><td class=\"column-3\">Doctorant<\/td><td class=\"column-4\">SMAER, SU<\/td><td class=\"column-5\">2018 - en cours<\/td>\n<\/tr>\n<tr class=\"row-23 odd\">\n\t<td class=\"column-1\"><strong>Membres non permanents<\/strong><\/td><td class=\"column-2\"><\/td><td class=\"column-3\"><\/td><td class=\"column-4\"><\/td><td class=\"column-5\"><\/td>\n<\/tr>\n<tr class=\"row-24 even\">\n\t<td class=\"column-1\"><strong>Alumni<\/strong><\/td><td class=\"column-2\"><\/td><td class=\"column-3\"><\/td><td class=\"column-4\"><\/td><td class=\"column-5\"><\/td>\n<\/tr>\n<tr class=\"row-25 odd\">\n\t<td class=\"column-1\"><img loading=\"lazy\" decoding=\"async\" src=\"http:\/\/s3am.ircam.fr\/wp-content\/uploads\/2017\/03\/joel.png\" alt=\"\" width=\"125\" height=\"160\" class=\"alignnone size-full wp-image-414\" \/><\/td><td class=\"column-2\">Jo\u00ebl Bensoam<\/td><td class=\"column-3\">Charg\u00e9 de Recherche<\/td><td class=\"column-4\">IRCAM<\/td><td class=\"column-5\"><\/td>\n<\/tr>\n<tr class=\"row-26 even\">\n\t<td class=\"column-1\"><img loading=\"lazy\" decoding=\"async\" src=\"http:\/\/s3am.ircam.fr\/wp-content\/uploads\/2016\/01\/photo_damien.png\" alt=\"\" width=\"125\" height=\"160\" class=\"alignnone size-full wp-image-308\" \/><\/td><td class=\"column-2\">Damien Bouvier<\/td><td class=\"column-3\">Doctorant<\/td><td class=\"column-4\">EDITE, SU<\/td><td class=\"column-5\">2015 - 2018<\/td>\n<\/tr>\n<tr class=\"row-27 odd\">\n\t<td class=\"column-1\"><img loading=\"lazy\" decoding=\"async\" src=\"http:\/\/s3am.ircam.fr\/wp-content\/uploads\/2017\/03\/djellal.png\" alt=\"\" width=\"125\" height=\"160\" class=\"alignnone size-full wp-image-416\" \/><\/td><td class=\"column-2\">Djellal Chalabi<\/td><td class=\"column-3\">Ing\u00e9nieur<\/td><td class=\"column-4\">Projet iMuSciCA<\/td><td class=\"column-5\"><\/td>\n<\/tr>\n<tr class=\"row-28 even\">\n\t<td class=\"column-1\"><\/td><td class=\"column-2\">Antoine Deschamps<\/td><td class=\"column-3\">Stagiaire<\/td><td class=\"column-4\">ENSEA<\/td><td class=\"column-5\">2015<\/td>\n<\/tr>\n<tr class=\"row-29 odd\">\n\t<td class=\"column-1\"><img loading=\"lazy\" decoding=\"async\" src=\"http:\/\/s3am.ircam.fr\/wp-content\/uploads\/2016\/01\/antoine.jpg\" alt=\"\" width=\"129\" height=\"148\" class=\"alignnone size-full wp-image-246\" \/><\/td><td class=\"column-2\">Antoine Falaize<\/td><td class=\"column-3\">Doctorant (<a href=\"https:\/\/medias.ircam.fr\/x6b7424\" rel=\"noopener\" target=\"_blank\">Soutenance<\/a>,<a href=\"https:\/\/hal.archives-ouvertes.fr\/tel-01440597\" rel=\"noopener\" target=\"_blank\">Th\u00e8se<\/a>)<\/td><td class=\"column-4\">EDITE, UPMC<\/td><td class=\"column-5\">2012 - 2016<\/td>\n<\/tr>\n<tr class=\"row-30 even\">\n\t<td class=\"column-1\"><img loading=\"lazy\" decoding=\"async\" src=\"http:\/\/s3am.ircam.fr\/wp-content\/uploads\/2017\/03\/marguerite.png\" alt=\"\" width=\"122\" height=\"156\" class=\"alignnone size-full wp-image-420\" \/><\/td><td class=\"column-2\">Marguerite Jossic<\/td><td class=\"column-3\">Doctorante (<a href=\"https:\/\/hal.archives-ouvertes.fr\/tel-01713349\" rel=\"noopener\" target=\"_blank\">Th\u00e8se<\/a>)<\/td><td class=\"column-4\">SMAER, UPMC<\/td><td class=\"column-5\">2014 - 2017<\/td>\n<\/tr>\n<tr class=\"row-31 odd\">\n\t<td class=\"column-1\"><\/td><td class=\"column-2\">Quentin Lamerand<\/td><td class=\"column-3\">Ing\u00e9nieur<\/td><td class=\"column-4\">Projet iMuSciCA<\/td><td class=\"column-5\"><\/td>\n<\/tr>\n<tr class=\"row-32 even\">\n\t<td class=\"column-1\"><img loading=\"lazy\" decoding=\"async\" src=\"http:\/\/s3am.ircam.fr\/wp-content\/uploads\/2017\/03\/Photo_Tristan.png\" alt=\"\" width=\"125\" height=\"159\" class=\"alignnone size-medium wp-image-421\" \/><\/td><td class=\"column-2\">Tristan Lebrun<\/td><td class=\"column-3\">Doctorant<\/td><td class=\"column-4\">SMAER, SU<\/td><td class=\"column-5\">2016 - 2019<\/td>\n<\/tr>\n<tr class=\"row-33 odd\">\n\t<td class=\"column-1\"><img loading=\"lazy\" decoding=\"async\" src=\"http:\/\/s3am.ircam.fr\/wp-content\/uploads\/2016\/01\/Photo_Nicolas.png\" alt=\"\" width=\"125\" height=\"160\" class=\"alignnone size-full wp-image-320\" \/><\/td><td class=\"column-2\">Nicolas Lopes<\/td><td class=\"column-3\">Doctorant (<a href=\"https:\/\/medias.ircam.fr\/x2c52cb\" rel=\"noopener\" target=\"_blank\">Soutenance<\/a>,<a href=\"https:\/\/hal.archives-ouvertes.fr\/tel-01400695\" rel=\"noopener\" target=\"_blank\">Th\u00e8se<\/a>)<\/td><td class=\"column-4\">SMAER, UPMC<\/td><td class=\"column-5\">2012 - 2016<\/td>\n<\/tr>\n<tr class=\"row-34 even\">\n\t<td class=\"column-1\"><img loading=\"lazy\" decoding=\"async\" src=\"http:\/\/s3am.ircam.fr\/wp-content\/uploads\/2016\/01\/remy.jpg\" alt=\"\" width=\"125\" height=\"161\" class=\"alignnone size-full wp-image-309\" \/><\/td><td class=\"column-2\">R\u00e9my Muller<\/td><td class=\"column-3\">Doctorant<\/td><td class=\"column-4\">EDITE, SU<\/td><td class=\"column-5\">2015 - 2021<\/td>\n<\/tr>\n<tr class=\"row-35 odd\">\n\t<td class=\"column-1\"><img loading=\"lazy\" decoding=\"async\" src=\"http:\/\/s3am.ircam.fr\/wp-content\/uploads\/2017\/03\/marc.png\" alt=\"\" width=\"125\" height=\"160\" class=\"alignnone size-full wp-image-417\" \/><\/td><td class=\"column-2\">Marc Wijnand<\/td><td class=\"column-3\">Doctorant<\/td><td class=\"column-4\">SMAER, SU<\/td><td class=\"column-5\">2017 - 2021<\/td>\n<\/tr>\n<\/tbody>\n<\/table>\n<!-- #tablepress-1 from cache -->\n<p><\/p>","protected":false},"excerpt":{"rendered":"<p>L&rsquo;\u00e9quipe S3AM \u00e9labore des outils th\u00e9oriques, technologiques et exp\u00e9rimentaux portant sur les syst\u00e8mes multiphysiques et les signaux sonores qu\u2019ils produisent. Elle s\u2019int\u00e9resse \u00e0 explorer, comprendre, reproduire avec r\u00e9alisme ou inventer des objets sonores en audio, en acoustique, avec une focalisation sur les instruments de musique jusqu\u2019\u00e0 la production de la voix. Plus pr\u00e9cis\u00e9ment, les objectifs [&hellip;]<\/p>\n","protected":false},"author":1,"featured_media":0,"parent":0,"menu_order":0,"comment_status":"closed","ping_status":"closed","template":"","meta":{"footnotes":""},"class_list":["post-27","page","type-page","status-publish","hentry"],"_links":{"self":[{"href":"http:\/\/s3am.ircam.fr\/index.php\/wp-json\/wp\/v2\/pages\/27","targetHints":{"allow":["GET"]}}],"collection":[{"href":"http:\/\/s3am.ircam.fr\/index.php\/wp-json\/wp\/v2\/pages"}],"about":[{"href":"http:\/\/s3am.ircam.fr\/index.php\/wp-json\/wp\/v2\/types\/page"}],"author":[{"embeddable":true,"href":"http:\/\/s3am.ircam.fr\/index.php\/wp-json\/wp\/v2\/users\/1"}],"replies":[{"embeddable":true,"href":"http:\/\/s3am.ircam.fr\/index.php\/wp-json\/wp\/v2\/comments?post=27"}],"version-history":[{"count":11,"href":"http:\/\/s3am.ircam.fr\/index.php\/wp-json\/wp\/v2\/pages\/27\/revisions"}],"predecessor-version":[{"id":518,"href":"http:\/\/s3am.ircam.fr\/index.php\/wp-json\/wp\/v2\/pages\/27\/revisions\/518"}],"wp:attachment":[{"href":"http:\/\/s3am.ircam.fr\/index.php\/wp-json\/wp\/v2\/media?parent=27"}],"curies":[{"name":"wp","href":"https:\/\/api.w.org\/{rel}","templated":true}]}}